{"id":531,"date":"2024-09-03T12:04:05","date_gmt":"2024-09-03T10:04:05","guid":{"rendered":"https:\/\/modedcon.com\/?page_id=531"},"modified":"2025-08-18T20:09:41","modified_gmt":"2025-08-18T18:09:41","slug":"sql-abfragen-fuer-profis","status":"publish","type":"page","link":"https:\/\/modedcon.com\/de\/kurse\/sql-abfragen-fuer-profis\/","title":{"rendered":"SQL Abfragen f\u00fcr Profis"},"content":{"rendered":"\n<div class=\"wp-block-columns alignwide is-layout-flex wp-container-core-columns-is-layout-28f84493 wp-block-columns-is-layout-flex\">\n<div class=\"wp-block-column is-layout-flow wp-block-column-is-layout-flow\" style=\"flex-basis:60%\">\n<p>Der Kurs ist auf 3 &#8211; 5 Tage ausgelegt. Es wird davon ausgegangen, dass die Teilnehmer zumindest Grundkenntnisse von SQL haben. W\u00fcnschenswert w\u00e4re, wenn sich die Teilnehmer mit ACS-Run SQL Script auskennen w\u00fcrden.<\/p>\n\n\n\n<p>Der Kurs war urspr\u00fcnglich auf 3 Tage ausgelegt, aber in den letzten Releases und Technology Refreshes wurden soviele Neuerungen in SQL eingef\u00fcgt, dass 3 Tage nicht mehr ausreichend sind, um alles abzudecken.<\/p>\n\n\n\n<p>Die angegebene Liste enth\u00e4lt den kompletten Umfang f\u00fcr einen 5-t\u00e4gigen Workshop. Sofern nur 4 oder 3 Tage gebucht werden sollen, wird die Agenda entsprechend ausged\u00fcnnt und einige Themen fallen weg.<\/p>\n\n\n\n<p>Wenn zuvor der Anf\u00e4nger-Kurs gehalten wurde, k\u00f6nnen Teile des fortgeschrittenen Kurses \u00fcbersprungen oder zumindest schnell wiederholt werden. <\/p>\n\n\n\n<h2 class=\"wp-block-heading\" style=\"margin-top:48px;margin-bottom:24px\">Inhalte<\/h2>\n\n\n\n<ul class=\"wp-block-list\">\n<li><strong>Select-Statement<\/strong><\/li>\n<\/ul>\n\n\n\n<ul class=\"wp-block-list\">\n<li><strong>Basics<\/strong>\n<ul class=\"wp-block-list\">\n<li>Neue Spalten<\/li>\n\n\n\n<li>Where-Bedingungen, Pr\u00e4dikate<\/li>\n\n\n\n<li>Sortierung<\/li>\n<\/ul>\n<\/li>\n<\/ul>\n\n\n\n<ul class=\"wp-block-list\">\n<li><strong>Skalare Funktionen<\/strong>\n<ul class=\"wp-block-list\">\n<li>String-Funktionen (inkl. Regular Expressions)<\/li>\n\n\n\n<li>Rundungs-Funktionen<\/li>\n\n\n\n<li>Konvertierung von Datentypen<\/li>\n\n\n\n<li>Datums-Rechnung<\/li>\n\n\n\n<li>OLAP-Specifications (Basic und Advanced)<\/li>\n<\/ul>\n<\/li>\n<\/ul>\n\n\n\n<ul class=\"wp-block-list\">\n<li><strong>CASE-Anweisungen<\/strong><\/li>\n<\/ul>\n\n\n\n<ul class=\"wp-block-list\">\n<li><strong>NULL-Werte<\/strong><\/li>\n<\/ul>\n\n\n\n<ul class=\"wp-block-list\">\n<li><strong>Verkn\u00fcpfen von Dateien<\/strong>\n<ul class=\"wp-block-list\">\n<li>Inner Join<\/li>\n\n\n\n<li>Left\/Right Outer Join<\/li>\n\n\n\n<li>Exception Join<\/li>\n\n\n\n<li>Cross Join<\/li>\n\n\n\n<li>Full Join<\/li>\n<\/ul>\n<\/li>\n<\/ul>\n\n\n\n<ul class=\"wp-block-list\">\n<li><strong>Union \/ Except \/ Interselect &#8211; Zusammenmischen von Sub-Selects<\/strong><\/li>\n<\/ul>\n\n\n\n<ul class=\"wp-block-list\">\n<li><strong>Grouping by und Having<\/strong>\n<ul class=\"wp-block-list\">\n<li>Aggregat-Funktionen\n<ul class=\"wp-block-list\">\n<li>Aggregat-Funktionen in Verbindung mit Distinct, NULL-Werten und CASE-Anweisungen<\/li>\n<\/ul>\n<\/li>\n\n\n\n<li>Multi-dimensionales Grouping (Zwischen- und Gesamt-Summen)\n<ul class=\"wp-block-list\">\n<li>OLAP-Specifications in Verbindung mit multi-dimensionalem Grouping<\/li>\n<\/ul>\n<\/li>\n\n\n\n<li>LISTAGG (Auflistung \u00fcber mehrere Zeilen) und Split (Aufsplittung von Texten)<\/li>\n<\/ul>\n<\/li>\n<\/ul>\n\n\n\n<ul class=\"wp-block-list\">\n<li><strong>(Verschachtelte) Sub-Selects<\/strong><\/li>\n<\/ul>\n\n\n\n<ul class=\"wp-block-list\">\n<li><strong>Common Table Expressions<\/strong><\/li>\n<\/ul>\n\n\n\n<ul class=\"wp-block-list\">\n<li><strong>Rekursionen<\/strong>\n<ul class=\"wp-block-list\">\n<li>Rekursive Common Table Expressions<\/li>\n\n\n\n<li>Hierarchische Query-Anweisung<\/li>\n<\/ul>\n<\/li>\n<\/ul>\n\n\n\n<ul class=\"wp-block-list\">\n<li><strong>SQL und IFS<\/strong>\n<ul class=\"wp-block-list\">\n<li>Durchsuchen von IFS-Directories und Stream-Files<\/li>\n\n\n\n<li>Zugriff und direkte Verarbeitung von IFS-Dateien und (Quellen-) Teildateien<\/li>\n\n\n\n<li>Verarbeitung von *.csv-Dateien im IFS<\/li>\n\n\n\n<li>Daten direkt mit SQL ins IFS schreiben<\/li>\n<\/ul>\n<\/li>\n<\/ul>\n\n\n\n<ul class=\"wp-block-list\">\n<li><strong>Journaling Basics<\/strong>\n<ul class=\"wp-block-list\">\n<li>Erstellen Journal\/-Receiver<\/li>\n\n\n\n<li>Registrieren von Dateien<\/li>\n\n\n\n<li>Commitment Control<\/li>\n<\/ul>\n<\/li>\n<\/ul>\n\n\n\n<ul class=\"wp-block-list\">\n<li><strong>Database Manipulation Befehle<\/strong>\n<ul class=\"wp-block-list\">\n<li>Insert<\/li>\n\n\n\n<li>Update<\/li>\n\n\n\n<li>Delete<\/li>\n<\/ul>\n<\/li>\n<\/ul>\n<\/div>\n\n\n\n<div class=\"wp-block-column is-layout-flow wp-block-column-is-layout-flow\" style=\"flex-basis:5%\"><\/div>\n\n\n\n<div class=\"wp-block-column is-layout-flow wp-block-column-is-layout-flow\" style=\"flex-basis:35%\">\n<div class=\"wp-block-group has-custom-bg-background-color has-background is-vertical is-layout-flex wp-container-core-group-is-layout-079504a7 wp-block-group-is-layout-flex\" style=\"padding-top:var(--wp--preset--spacing--10);padding-right:var(--wp--preset--spacing--10);padding-bottom:var(--wp--preset--spacing--10);padding-left:var(--wp--preset--spacing--10)\">\n<p class=\"hideonmobile\"><a href=\"https:\/\/modedcon.com\/kurse\" data-type=\"page\" data-id=\"74\">zur\u00fcck zur \u00dcbersicht<\/a><\/p>\n\n\n\n<div class=\"wp-block-group is-vertical is-layout-flex wp-container-core-group-is-layout-fe9cc265 wp-block-group-is-layout-flex\">\n<h2 class=\"wp-block-heading has-large-font-size\">Dieser Kurs<\/h2>\n\n\n\n<p>Teilnehmer: 8<br>Dauer: 3 &#8211; 5 Tage<\/p>\n\n\n\n<p class=\"has-custom-logo-red-color has-text-color has-link-color wp-elements-0769cf7e1cc07049e052ffe016fe898e\">Die Buchung ist nur f\u00fcr Unternehmer, Gewerbetreibende, Freiberufler und \u00f6ffentliche Institutionen m\u00f6glich; nicht f\u00fcr Verbraucher i.S.d. \u00a7 13 BGB.<\/p>\n\n\n\n<div class=\"wp-block-buttons is-layout-flex wp-block-buttons-is-layout-flex\">\n<div class=\"wp-block-button\"><a class=\"wp-block-button__link has-custom-logo-blue-background-color has-background wp-element-button\" href=\"https:\/\/modedcon.com\/kontakt\/\">Unverbindliche Anfrage stellen<\/a><\/div>\n<\/div>\n<\/div>\n\n\n\n<div class=\"wp-block-group is-vertical is-layout-flex wp-container-core-group-is-layout-5f9f5280 wp-block-group-is-layout-flex\">\n<h2 class=\"wp-block-heading has-large-font-size\">Alle Kurse<\/h2>\n\n\n\n<h3 class=\"wp-block-heading\" style=\"margin-top:var(--wp--preset--spacing--20);margin-bottom:0.5rem;font-size:clamp(0.929rem, 0.929rem + ((1vw - 0.2rem) * 0.785), 1.4rem);\">RPG<\/h3>\n\n\n\n<ul class=\"wp-block-list is-style-default\">\n<li style=\"margin-top:6px;margin-bottom:6px\"><a href=\"https:\/\/modedcon.com\/kurse\/rpg-intro\/\" data-type=\"page\" data-id=\"515\">RPG \u2013 Intro<\/a><\/li>\n\n\n\n<li style=\"margin-top:6px;margin-bottom:6px\"><a href=\"https:\/\/modedcon.com\/kurse\/rpg-jump-start\/\" data-type=\"page\" data-id=\"521\">RPG \u2013 Jump-Start<\/a><\/li>\n\n\n\n<li style=\"margin-top:6px;margin-bottom:6px\"><a href=\"https:\/\/modedcon.com\/kurse\/ile-konzepte\/\" data-type=\"page\" data-id=\"525\">ILE Konzepte<\/a><\/li>\n\n\n\n<li style=\"margin-top:6px;margin-bottom:6px\"><a href=\"https:\/\/modedcon.com\/kurse\/embedded-sql\/\" data-type=\"page\" data-id=\"527\">Embedded SQL<\/a><\/li>\n<\/ul>\n\n\n\n<h3 class=\"wp-block-heading\" style=\"margin-top:var(--wp--preset--spacing--20);margin-bottom:0.5rem;font-size:clamp(0.929rem, 0.929rem + ((1vw - 0.2rem) * 0.785), 1.4rem);\">SQL<\/h3>\n\n\n\n<ul class=\"wp-block-list\">\n<li style=\"margin-top:6px;margin-bottom:6px\"><a href=\"https:\/\/modedcon.com\/kurse\/sql-abfragen-fuer-beginner\/\" data-type=\"page\" data-id=\"529\">SQL Abfragen f\u00fcr Beginner<\/a><\/li>\n\n\n\n<li style=\"margin-top:6px;margin-bottom:6px\"><a href=\"https:\/\/modedcon.com\/kurse\/sql-abfragen-fuer-profis\/\" data-type=\"page\" data-id=\"531\">SQL Abfragen f\u00fcr Profis<\/a><\/li>\n\n\n\n<li style=\"margin-top:6px;margin-bottom:6px\"><a href=\"https:\/\/modedcon.com\/kurse\/erstellen-und-verarbeiten-von-json-und-xml-daten-mit-sql\/\" data-type=\"page\" data-id=\"533\">Erstellen und Verarbeiten von JSON- und XML-Daten mit SQL<\/a><\/li>\n\n\n\n<li style=\"margin-top:6px;margin-bottom:6px\"><a href=\"https:\/\/modedcon.com\/kurse\/programmiersprache-sql\/\" data-type=\"page\" data-id=\"535\">Programmiersprache SQL<\/a><\/li>\n\n\n\n<li style=\"margin-top:6px;margin-bottom:6px\"><a href=\"https:\/\/modedcon.com\/kurse\/sql-performance-analyse\/\" data-type=\"page\" data-id=\"538\">SQL-Performance Analyse<\/a><\/li>\n\n\n\n<li style=\"margin-top:6px;margin-bottom:6px\"><a href=\"https:\/\/modedcon.com\/kurse\/data-centric-verlagerung-von-programmlogik-in-die-datenbank\/\" data-type=\"page\" data-id=\"540\">Data Centric Verlagerung von Programmlogik in die Datenbank<\/a><\/li>\n\n\n\n<li style=\"margin-top:6px;margin-bottom:6px\"><a href=\"https:\/\/modedcon.com\/kurse\/anwendungsmodernisierung-datenbank\/\" data-type=\"page\" data-id=\"542\">Anwendungsmodernisierung Datenbank<\/a><\/li>\n<\/ul>\n\n\n\n<h3 class=\"wp-block-heading\" style=\"margin-top:var(--wp--preset--spacing--20);margin-bottom:0.5rem;font-size:clamp(0.929rem, 0.929rem + ((1vw - 0.2rem) * 0.785), 1.4rem);\">Spezielle Kurse und Vortr\u00e4ge<\/h3>\n\n\n\n<ul class=\"wp-block-list\">\n<li style=\"margin-top:6px;margin-bottom:6px\"><a href=\"https:\/\/modedcon.com\/kurse\/temporale-tabellen\/\" data-type=\"page\" data-id=\"544\">Temporale Tabellen<\/a><\/li>\n\n\n\n<li style=\"margin-top:6px;margin-bottom:6px\"><a href=\"https:\/\/modedcon.com\/kurse\/row-and-column-access-control-rcac\/\" data-type=\"page\" data-id=\"546\">ROW and Column Access Control (RCAC)<\/a><\/li>\n\n\n\n<li style=\"margin-top:6px;margin-bottom:6px\"><a href=\"https:\/\/modedcon.com\/kurse\/partitioned-tables\/\" data-type=\"page\" data-id=\"548\">Partitioned Tables<\/a><\/li>\n\n\n\n<li style=\"margin-top:6px;margin-bottom:6px\"><a href=\"https:\/\/modedcon.com\/kurse\/self-sql-error-logging-facility\/\" data-type=\"page\" data-id=\"550\">SELF \u2013 SQL Error Logging Facility<\/a><\/li>\n\n\n\n<li style=\"margin-top:6px;margin-bottom:6px\"><a href=\"https:\/\/modedcon.com\/kurse\/sql-und-ifs\/\" data-type=\"page\" data-id=\"552\">SQL und IFS<\/a><\/li>\n<\/ul>\n<\/div>\n<\/div>\n<\/div>\n<\/div>\n","protected":false},"excerpt":{"rendered":"<p>Der Kurs ist auf 3 &#8211; 5 Tage ausgelegt. Es wird davon ausgegangen, dass die Teilnehmer zumindest Grundkenntnisse von SQL haben. W\u00fcnschenswert w\u00e4re, wenn sich die Teilnehmer mit ACS-Run SQL Script auskennen w\u00fcrden. Der Kurs war urspr\u00fcnglich auf 3 Tage ausgelegt, aber in den letzten Releases und Technology Refreshes wurden soviele Neuerungen in SQL eingef\u00fcgt, [&hellip;]<\/p>\n","protected":false},"author":3,"featured_media":0,"parent":834,"menu_order":0,"comment_status":"closed","ping_status":"closed","template":"","meta":{"footnotes":""},"class_list":["post-531","page","type-page","status-publish","hentry"],"_links":{"self":[{"href":"https:\/\/modedcon.com\/de\/wp-json\/wp\/v2\/pages\/531","targetHints":{"allow":["GET"]}}],"collection":[{"href":"https:\/\/modedcon.com\/de\/wp-json\/wp\/v2\/pages"}],"about":[{"href":"https:\/\/modedcon.com\/de\/wp-json\/wp\/v2\/types\/page"}],"author":[{"embeddable":true,"href":"https:\/\/modedcon.com\/de\/wp-json\/wp\/v2\/users\/3"}],"replies":[{"embeddable":true,"href":"https:\/\/modedcon.com\/de\/wp-json\/wp\/v2\/comments?post=531"}],"version-history":[{"count":15,"href":"https:\/\/modedcon.com\/de\/wp-json\/wp\/v2\/pages\/531\/revisions"}],"predecessor-version":[{"id":990,"href":"https:\/\/modedcon.com\/de\/wp-json\/wp\/v2\/pages\/531\/revisions\/990"}],"up":[{"embeddable":true,"href":"https:\/\/modedcon.com\/de\/wp-json\/wp\/v2\/pages\/834"}],"wp:attachment":[{"href":"https:\/\/modedcon.com\/de\/wp-json\/wp\/v2\/media?parent=531"}],"curies":[{"name":"wp","href":"https:\/\/api.w.org\/{rel}","templated":true}]}}