{"id":876,"date":"2025-07-11T15:18:50","date_gmt":"2025-07-11T13:18:50","guid":{"rendered":"https:\/\/modedcon.com\/?page_id=876"},"modified":"2025-08-19T13:48:38","modified_gmt":"2025-08-19T11:48:38","slug":"projekte","status":"publish","type":"page","link":"https:\/\/modedcon.com\/de\/projekte\/","title":{"rendered":"Projekte"},"content":{"rendered":"\n<div class=\"wp-block-group alignwide is-layout-flow wp-container-core-group-is-layout-3f23e88a wp-block-group-is-layout-flow\" style=\"margin-bottom:0;padding-top:0;padding-bottom:0\">\n<p class=\"has-text-align-left has-custom-logo-red-color has-text-color has-link-color wp-elements-410e7195373e9900e4824e680f1dabe5\" style=\"margin-bottom:var(--wp--preset--spacing--10)\">Buchungen sind nur f\u00fcr Unternehmer, Gewerbetreibende, Freiberufler und \u00f6ffentliche Institutionen m\u00f6glich; nicht f\u00fcr Verbraucher i.S.d. \u00a7 13 BGB.<\/p>\n\n\n\n<div class=\"wp-block-group has-custom-bg-background-color has-background is-vertical is-layout-flex wp-container-core-group-is-layout-184cc25d wp-block-group-is-layout-flex\" style=\"margin-top:0;margin-bottom:0;padding-top:16px;padding-right:16px;padding-bottom:16px;padding-left:16px\">\n<ul class=\"wp-block-list\">\n<li style=\"margin-top:6px;margin-bottom:6px\"><a href=\"https:\/\/modedcon.com\/projekte\/modernisierung-ihrer-ibm-i-datenbank-von-dds-nach-ddl\/\" data-type=\"page\" data-id=\"1010\">Modernisierung Ihrer IBM i-Datenbank von DDS nach DDL<\/a><\/li>\n\n\n\n<li style=\"margin-top:6px;margin-bottom:6px\"><a href=\"https:\/\/modedcon.com\/projekte\/anwendungsmodernisierung-mit-ileintegrated-language-environment-konzepten\/\" data-type=\"page\" data-id=\"1012\">Anwendungsmodernisierung mit ILE(Integrated Language Environment)- Konzepten<\/a><\/li>\n\n\n\n<li style=\"margin-top:6px;margin-bottom:6px\"><a href=\"https:\/\/modedcon.com\/projekte\/externalisierung-von-daten-zugriffen-crud-funktionen\/\" data-type=\"page\" data-id=\"1014\">Externalisierung von Daten-Zugriffen (CRUD-Funktionen)<\/a><\/li>\n\n\n\n<li style=\"margin-top:6px;margin-bottom:6px\"><a href=\"https:\/\/modedcon.com\/projekte\/data-centric-verlagerung-von-geschaefts-logik-in-die-datenbank\/\" data-type=\"page\" data-id=\"1016\">Data Centric \u2013 Verlagerung von Gesch\u00e4fts-Logik in die Datenbank<\/a><\/li>\n\n\n\n<li style=\"margin-top:6px;margin-bottom:6px\"><a href=\"https:\/\/modedcon.com\/projekte\/sql-performance-analyse-und-optimierung-auf-db2-for-i\/\" data-type=\"page\" data-id=\"1018\">SQL Performance Analyse und Optimierung auf Db2 for i<\/a><\/li>\n\n\n\n<li style=\"margin-top:6px;margin-bottom:6px\"><a href=\"https:\/\/modedcon.com\/projekte\/commitment-control-transaktions-sicherheit-und-datenkonsitenz\/\" data-type=\"page\" data-id=\"1020\">Commitment Control \u2013 Transaktions-Sicherheit und Datenkonsitenz<\/a><\/li>\n\n\n\n<li style=\"margin-top:6px;margin-bottom:6px\"><a href=\"https:\/\/modedcon.com\/projekte\/row-and-column-access-control-rcac\/\" data-type=\"page\" data-id=\"1022\">Row and Column Access Control (RCAC)<\/a><\/li>\n\n\n\n<li style=\"margin-top:6px;margin-bottom:6px\"><a href=\"https:\/\/modedcon.com\/projekte\/individual-programmierung\/\" data-type=\"page\" data-id=\"1023\">Individual Programmierung<\/a><\/li>\n<\/ul>\n<\/div>\n<\/div>\n","protected":false},"excerpt":{"rendered":"<p>Buchungen sind nur f\u00fcr Unternehmer, Gewerbetreibende, Freiberufler und \u00f6ffentliche Institutionen m\u00f6glich; nicht f\u00fcr Verbraucher i.S.d. \u00a7 13 BGB.<\/p>\n","protected":false},"author":1,"featured_media":0,"parent":0,"menu_order":0,"comment_status":"closed","ping_status":"closed","template":"","meta":{"footnotes":""},"class_list":["post-876","page","type-page","status-publish","hentry"],"_links":{"self":[{"href":"https:\/\/modedcon.com\/de\/wp-json\/wp\/v2\/pages\/876","targetHints":{"allow":["GET"]}}],"collection":[{"href":"https:\/\/modedcon.com\/de\/wp-json\/wp\/v2\/pages"}],"about":[{"href":"https:\/\/modedcon.com\/de\/wp-json\/wp\/v2\/types\/page"}],"author":[{"embeddable":true,"href":"https:\/\/modedcon.com\/de\/wp-json\/wp\/v2\/users\/1"}],"replies":[{"embeddable":true,"href":"https:\/\/modedcon.com\/de\/wp-json\/wp\/v2\/comments?post=876"}],"version-history":[{"count":8,"href":"https:\/\/modedcon.com\/de\/wp-json\/wp\/v2\/pages\/876\/revisions"}],"predecessor-version":[{"id":1046,"href":"https:\/\/modedcon.com\/de\/wp-json\/wp\/v2\/pages\/876\/revisions\/1046"}],"wp:attachment":[{"href":"https:\/\/modedcon.com\/de\/wp-json\/wp\/v2\/media?parent=876"}],"curies":[{"name":"wp","href":"https:\/\/api.w.org\/{rel}","templated":true}]}}