{"id":1016,"date":"2025-08-18T22:27:53","date_gmt":"2025-08-18T20:27:53","guid":{"rendered":"https:\/\/modedcon.com\/?page_id=1016"},"modified":"2025-08-20T18:01:02","modified_gmt":"2025-08-20T16:01:02","slug":"data-centric-verlagerung-von-geschaefts-logik-in-die-datenbank","status":"publish","type":"page","link":"https:\/\/modedcon.com\/en\/projekte\/data-centric-verlagerung-von-geschaefts-logik-in-die-datenbank\/","title":{"rendered":"Data Centric \u2013 Verlagerung von Gesch\u00e4fts-Logik in die Datenbank"},"content":{"rendered":"<div class=\"wp-block-columns alignwide is-layout-flex wp-container-core-columns-is-layout-28f84493 wp-block-columns-is-layout-flex\">\n<div class=\"wp-block-column is-layout-flow wp-block-column-is-layout-flow\" style=\"flex-basis:60%\">\n<p>Lorem ipsum dolor sit amet, consectetur adipiscing elit, sed do eiusmod tempor incididunt ut labore et dolore magna aliqua. Ut enim ad minim veniam, quis nostrud exercitation ullamco laboris nisi ut aliquip ex ea commodo consequat. Duis aute irure dolor in reprehenderit in voluptate velit esse cillum dolore eu fugiat nulla pariatur. Excepteur sint occaecat cupidatat non proident, sunt in culpa qui officia deserunt mollit anim id est laborum.<\/p>\n\n\n\n<p>Lorem ipsum dolor sit amet, consectetur adipiscing elit, sed do eiusmod tempor incididunt ut labore et dolore magna aliqua. Ut enim ad minim veniam, quis nostrud exercitation ullamco laboris nisi ut aliquip ex ea commodo consequat. Duis aute irure dolor in reprehenderit in voluptate velit esse cillum dolore eu fugiat nulla pariatur. Excepteur sint occaecat cupidatat non proident, sunt in culpa qui officia deserunt mollit anim id est laborum.<\/p>\n\n\n\n<p>Lorem ipsum dolor sit amet, consectetur adipiscing elit, sed do eiusmod tempor incididunt ut labore et dolore magna aliqua. Ut enim ad minim veniam, quis nostrud exercitation ullamco laboris nisi ut aliquip ex ea commodo consequat. Duis aute irure dolor in reprehenderit in voluptate velit esse cillum dolore eu fugiat nulla pariatur. Excepteur sint occaecat cupidatat non proident, sunt in culpa qui officia deserunt mollit anim id est laborum.<\/p>\n\n\n\n<h2 class=\"wp-block-heading\" style=\"margin-top:48px;margin-bottom:24px\">Inhalte<\/h2>\n\n\n\n<ul class=\"wp-block-list\">\n<li>Lorem ipsum dolor sit amet<\/li>\n\n\n\n<li>Lorem ipsum dolor sit amet\n<ul class=\"wp-block-list\">\n<li>Lorem ipsum dolor sit amet<\/li>\n\n\n\n<li>Lorem ipsum dolor sit amet<\/li>\n<\/ul>\n<\/li>\n\n\n\n<li>Lorem ipsum dolor sit amet<\/li>\n\n\n\n<li>Lorem ipsum dolor sit amet<\/li>\n<\/ul>\n<\/div>\n\n\n\n<div class=\"wp-block-column is-layout-flow wp-block-column-is-layout-flow\" style=\"flex-basis:5%\"><\/div>\n\n\n\n<div class=\"wp-block-column is-layout-flow wp-block-column-is-layout-flow\" style=\"flex-basis:35%\">\n<div class=\"wp-block-group has-custom-bg-background-color has-background is-vertical is-layout-flex wp-container-core-group-is-layout-079504a7 wp-block-group-is-layout-flex\" style=\"padding-top:var(--wp--preset--spacing--10);padding-right:var(--wp--preset--spacing--10);padding-bottom:var(--wp--preset--spacing--10);padding-left:var(--wp--preset--spacing--10)\">\n<p class=\"hideonmobile\"><a href=\"https:\/\/modedcon.com\/en\/projekte\/\" data-type=\"page\" data-id=\"876\">zur\u00fcck zur \u00dcbersicht<\/a><\/p>\n\n\n\n<div class=\"wp-block-group is-vertical is-layout-flex wp-container-core-group-is-layout-fe9cc265 wp-block-group-is-layout-flex\">\n<h2 class=\"wp-block-heading has-large-font-size\">Dieses Projekt<\/h2>\n\n\n\n<p class=\"has-custom-logo-red-color has-text-color has-link-color wp-elements-0769cf7e1cc07049e052ffe016fe898e\">Die Buchung ist nur f\u00fcr Unternehmer, Gewerbetreibende, Freiberufler und \u00f6ffentliche Institutionen m\u00f6glich; nicht f\u00fcr Verbraucher i.S.d. \u00a7 13 BGB.<\/p>\n\n\n\n<div class=\"wp-block-buttons is-layout-flex wp-block-buttons-is-layout-flex\">\n<div class=\"wp-block-button\"><a class=\"wp-block-button__link has-custom-logo-blue-background-color has-background wp-element-button\" href=\"https:\/\/modedcon.com\/en\/kontakt\/\">Unverbindliche Anfrage stellen<\/a><\/div>\n<\/div>\n<\/div>\n\n\n\n<div class=\"wp-block-group is-vertical is-layout-flex wp-container-core-group-is-layout-5f9f5280 wp-block-group-is-layout-flex\">\n<h2 class=\"wp-block-heading has-large-font-size\" style=\"margin-bottom:var(--wp--preset--spacing--10)\">Alle Projekte<\/h2>\n\n\n\n<ul class=\"wp-block-list is-style-default\">\n<li style=\"margin-top:6px;margin-bottom:6px\"><a href=\"https:\/\/modedcon.com\/en\/projekte\/modernisierung-ihrer-ibm-i-datenbank-von-dds-nach-ddl\/\" data-type=\"page\" data-id=\"1010\">Modernisierung Ihrer IBM i-Datenbank von DDS nach DDL<\/a><\/li>\n\n\n\n<li style=\"margin-top:6px;margin-bottom:6px\"><a href=\"https:\/\/modedcon.com\/en\/projekte\/anwendungsmodernisierung-mit-ileintegrated-language-environment-konzepten\/\" data-type=\"page\" data-id=\"1012\">Anwendungsmodernisierung mit ILE(Integrated Language Environment)- Konzepten<\/a><\/li>\n\n\n\n<li style=\"margin-top:6px;margin-bottom:6px\"><a href=\"https:\/\/modedcon.com\/en\/projekte\/externalisierung-von-daten-zugriffen-crud-funktionen\/\" data-type=\"page\" data-id=\"1014\">Externalisierung von Daten-Zugriffen (CRUD-Funktionen)<\/a><\/li>\n\n\n\n<li style=\"margin-top:6px;margin-bottom:6px\"><a href=\"https:\/\/modedcon.com\/en\/kurse\/data-centric-verlagerung-von-programmlogik-in-die-datenbank\/\" data-type=\"page\" data-id=\"540\">Data Centric Verlagerung von Programmlogik in die Datenbank<\/a><\/li>\n\n\n\n<li style=\"margin-top:6px;margin-bottom:6px\"><a href=\"https:\/\/modedcon.com\/en\/projekte\/sql-performance-analyse-und-optimierung-auf-db2-for-i\/\" data-type=\"page\" data-id=\"1018\">SQL Performance Analyse und Optimierung auf Db2 for i<\/a><\/li>\n\n\n\n<li style=\"margin-top:6px;margin-bottom:6px\"><a href=\"https:\/\/modedcon.com\/en\/projekte\/commitment-control-transaktions-sicherheit-und-datenkonsitenz\/\" data-type=\"page\" data-id=\"1020\">Commitment Control \u2013 Transaktions-Sicherheit und Datenkonsitenz<\/a><\/li>\n\n\n\n<li style=\"margin-top:6px;margin-bottom:6px\"><a href=\"https:\/\/modedcon.com\/en\/projekte\/row-and-column-access-control-rcac\/\" data-type=\"page\" data-id=\"1022\">Row and Column Access Control (RCAC)<\/a><\/li>\n\n\n\n<li style=\"margin-top:6px;margin-bottom:6px\"><a href=\"https:\/\/modedcon.com\/en\/projekte\/individual-programmierung\/\" data-type=\"page\" data-id=\"1023\">Individual Programmierung<\/a><\/li>\n<\/ul>\n<\/div>\n<\/div>\n<\/div>\n<\/div>","protected":false},"excerpt":{"rendered":"<p>Lorem ipsum dolor sit amet, consectetur adipiscing elit, sed do eiusmod tempor incididunt ut labore et dolore magna aliqua. Ut enim ad minim veniam, quis nostrud exercitation ullamco laboris nisi ut aliquip ex ea commodo consequat. Duis aute irure dolor in reprehenderit in voluptate velit esse cillum dolore eu fugiat nulla pariatur. Excepteur sint occaecat [&hellip;]<\/p>","protected":false},"author":1,"featured_media":0,"parent":876,"menu_order":0,"comment_status":"closed","ping_status":"closed","template":"","meta":{"footnotes":""},"class_list":["post-1016","page","type-page","status-publish","hentry"],"_links":{"self":[{"href":"https:\/\/modedcon.com\/en\/wp-json\/wp\/v2\/pages\/1016","targetHints":{"allow":["GET"]}}],"collection":[{"href":"https:\/\/modedcon.com\/en\/wp-json\/wp\/v2\/pages"}],"about":[{"href":"https:\/\/modedcon.com\/en\/wp-json\/wp\/v2\/types\/page"}],"author":[{"embeddable":true,"href":"https:\/\/modedcon.com\/en\/wp-json\/wp\/v2\/users\/1"}],"replies":[{"embeddable":true,"href":"https:\/\/modedcon.com\/en\/wp-json\/wp\/v2\/comments?post=1016"}],"version-history":[{"count":2,"href":"https:\/\/modedcon.com\/en\/wp-json\/wp\/v2\/pages\/1016\/revisions"}],"predecessor-version":[{"id":1052,"href":"https:\/\/modedcon.com\/en\/wp-json\/wp\/v2\/pages\/1016\/revisions\/1052"}],"up":[{"embeddable":true,"href":"https:\/\/modedcon.com\/en\/wp-json\/wp\/v2\/pages\/876"}],"wp:attachment":[{"href":"https:\/\/modedcon.com\/en\/wp-json\/wp\/v2\/media?parent=1016"}],"curies":[{"name":"wp","href":"https:\/\/api.w.org\/{rel}","templated":true}]}}