{"id":1023,"date":"2025-08-18T22:30:33","date_gmt":"2025-08-18T20:30:33","guid":{"rendered":"https:\/\/modedcon.com\/?page_id=1023"},"modified":"2025-11-09T10:25:56","modified_gmt":"2025-11-09T09:25:56","slug":"individual-programmierung","status":"publish","type":"page","link":"https:\/\/modedcon.com\/en\/projekte\/individual-programmierung\/","title":{"rendered":"Individual Programmierung"},"content":{"rendered":"<div class=\"wp-block-columns alignwide is-layout-flex wp-container-core-columns-is-layout-28f84493 wp-block-columns-is-layout-flex\">\n<div class=\"wp-block-column is-layout-flow wp-block-column-is-layout-flow\" style=\"flex-basis:60%\">\n<p>Es m\u00fcssen nicht immer Projekte sein. Ich kann auch gerne Kunden bei Bedarf und Engp\u00e4ssen bei der Programmierung (RPG, CL, SQL) unterst\u00fctzen.<\/p>\n\n\n\n<p>Ich biete individuelle Programmierung auf und rund um IBM i (AS\/400, iSeries) an &#8211; z.B.:<\/p>\n\n\n\n<ul class=\"wp-block-list\">\n<li>Erweiterung oder Modernisierung bestehender RPG-, CL-, SQL-Programme und Anwendungen<\/li>\n\n\n\n<li>Verlagerung von Programm-Logik in die Datenbank (SQL-Views, SQL-Routinen)<\/li>\n\n\n\n<li>Entwicklung komplett neuer Anwendungen auf Basis Ihrer Anforderungen (incl. Datenbanken-Design und Datenbanken-Objekte)<\/li>\n\n\n\n<li>Integration externen Systeme oder Schnittstellen (z.B. Webservices, REST APIs)<\/li>\n\n\n\n<li>Optimierung bestehender Anwendungen im Hinblick auf Performance und Bedienbarkeit<\/li>\n<\/ul>\n\n\n\n<p><\/p>\n\n\n\n<h4 class=\"wp-block-heading\"><em>Interesse<\/em><\/h4>\n\n\n\n<p>Sofern Sie Bedarf an individueller Programmierung haben, unabh\u00e4ngig davon, ob in neuen Projekten, bei der Modernisierung oder um Ihre Spitzen abzumildern, kontaktieren Sie uns direkt und lassen Sie uns gemeinsam \u00fcber Ihren Bedarf an individueller Programmierung sprechen. <\/p>\n<\/div>\n\n\n\n<div class=\"wp-block-column is-layout-flow wp-block-column-is-layout-flow\" style=\"flex-basis:5%\"><\/div>\n\n\n\n<div class=\"wp-block-column is-layout-flow wp-block-column-is-layout-flow\" style=\"flex-basis:35%\">\n<div class=\"wp-block-group has-custom-bg-background-color has-background is-vertical is-layout-flex wp-container-core-group-is-layout-079504a7 wp-block-group-is-layout-flex\" style=\"padding-top:var(--wp--preset--spacing--10);padding-right:var(--wp--preset--spacing--10);padding-bottom:var(--wp--preset--spacing--10);padding-left:var(--wp--preset--spacing--10)\">\n<p class=\"hideonmobile\"><a href=\"https:\/\/modedcon.com\/en\/projekte\/\" data-type=\"page\" data-id=\"876\">zur\u00fcck zur \u00dcbersicht<\/a><\/p>\n\n\n\n<div class=\"wp-block-group is-vertical is-layout-flex wp-container-core-group-is-layout-fe9cc265 wp-block-group-is-layout-flex\">\n<h2 class=\"wp-block-heading has-large-font-size\">Dieses Projekt<\/h2>\n\n\n\n<p class=\"has-custom-logo-red-color has-text-color has-link-color wp-elements-0769cf7e1cc07049e052ffe016fe898e\">Die Buchung ist nur f\u00fcr Unternehmer, Gewerbetreibende, Freiberufler und \u00f6ffentliche Institutionen m\u00f6glich; nicht f\u00fcr Verbraucher i.S.d. \u00a7 13 BGB.<\/p>\n\n\n\n<div class=\"wp-block-buttons is-layout-flex wp-block-buttons-is-layout-flex\">\n<div class=\"wp-block-button\"><a class=\"wp-block-button__link has-custom-logo-blue-background-color has-background wp-element-button\" href=\"https:\/\/modedcon.com\/en\/kontakt\/\">Unverbindliche Anfrage stellen<\/a><\/div>\n<\/div>\n<\/div>\n\n\n\n<div class=\"wp-block-group is-vertical is-layout-flex wp-container-core-group-is-layout-5f9f5280 wp-block-group-is-layout-flex\">\n<h2 class=\"wp-block-heading has-large-font-size\" style=\"margin-bottom:var(--wp--preset--spacing--10)\">Alle Projekte<\/h2>\n\n\n\n<ul class=\"wp-block-list is-style-default\">\n<li style=\"margin-top:6px;margin-bottom:6px\"><a href=\"https:\/\/modedcon.com\/en\/projekte\/modernisierung-ihrer-ibm-i-datenbank-von-dds-nach-ddl\/\" data-type=\"page\" data-id=\"1010\">Modernisierung Ihrer IBM i-Datenbank von DDS nach DDL<\/a><\/li>\n\n\n\n<li style=\"margin-top:6px;margin-bottom:6px\"><a href=\"https:\/\/modedcon.com\/en\/projekte\/anwendungsmodernisierung-mit-ileintegrated-language-environment-konzepten\/\" data-type=\"page\" data-id=\"1012\">Anwendungsmodernisierung mit ILE(Integrated Language Environment)- Konzepten<\/a><\/li>\n\n\n\n<li style=\"margin-top:6px;margin-bottom:6px\"><a href=\"https:\/\/modedcon.com\/en\/projekte\/externalisierung-von-daten-zugriffen-crud-funktionen\/\" data-type=\"page\" data-id=\"1014\">Externalisierung von Daten-Zugriffen (CRUD-Funktionen)<\/a><\/li>\n\n\n\n<li style=\"margin-top:6px;margin-bottom:6px\"><a href=\"https:\/\/modedcon.com\/en\/kurse\/data-centric-verlagerung-von-programmlogik-in-die-datenbank\/\" data-type=\"page\" data-id=\"540\">Data Centric Verlagerung von Programmlogik in die Datenbank<\/a><\/li>\n\n\n\n<li style=\"margin-top:6px;margin-bottom:6px\"><a href=\"https:\/\/modedcon.com\/en\/projekte\/sql-performance-analyse-und-optimierung-auf-db2-for-i\/\" data-type=\"page\" data-id=\"1018\">SQL Performance Analyse und Optimierung auf Db2 for i<\/a><\/li>\n\n\n\n<li style=\"margin-top:6px;margin-bottom:6px\"><a href=\"https:\/\/modedcon.com\/en\/projekte\/commitment-control-transaktions-sicherheit-und-datenkonsitenz\/\" data-type=\"page\" data-id=\"1020\">Commitment Control \u2013 Transaktions-Sicherheit und Datenkonsitenz<\/a><\/li>\n\n\n\n<li style=\"margin-top:6px;margin-bottom:6px\"><a href=\"https:\/\/modedcon.com\/en\/projekte\/row-and-column-access-control-rcac\/\" data-type=\"page\" data-id=\"1022\">Row and Column Access Control (RCAC)<\/a><\/li>\n\n\n\n<li style=\"margin-top:6px;margin-bottom:6px\"><a href=\"https:\/\/modedcon.com\/en\/projekte\/individual-programmierung\/\" data-type=\"page\" data-id=\"1023\">Individual Programmierung<\/a><\/li>\n<\/ul>\n<\/div>\n<\/div>\n<\/div>\n<\/div>","protected":false},"excerpt":{"rendered":"<p>Es m\u00fcssen nicht immer Projekte sein. Ich kann auch gerne Kunden bei Bedarf und Engp\u00e4ssen bei der Programmierung (RPG, CL, SQL) unterst\u00fctzen. Ich biete individuelle Programmierung auf und rund um IBM i (AS\/400, iSeries) an &#8211; z.B.: Interesse Sofern Sie Bedarf an individueller Programmierung haben, unabh\u00e4ngig davon, ob in neuen Projekten, bei der Modernisierung oder [&hellip;]<\/p>","protected":false},"author":1,"featured_media":0,"parent":876,"menu_order":0,"comment_status":"closed","ping_status":"closed","template":"","meta":{"footnotes":""},"class_list":["post-1023","page","type-page","status-publish","hentry"],"_links":{"self":[{"href":"https:\/\/modedcon.com\/en\/wp-json\/wp\/v2\/pages\/1023","targetHints":{"allow":["GET"]}}],"collection":[{"href":"https:\/\/modedcon.com\/en\/wp-json\/wp\/v2\/pages"}],"about":[{"href":"https:\/\/modedcon.com\/en\/wp-json\/wp\/v2\/types\/page"}],"author":[{"embeddable":true,"href":"https:\/\/modedcon.com\/en\/wp-json\/wp\/v2\/users\/1"}],"replies":[{"embeddable":true,"href":"https:\/\/modedcon.com\/en\/wp-json\/wp\/v2\/comments?post=1023"}],"version-history":[{"count":6,"href":"https:\/\/modedcon.com\/en\/wp-json\/wp\/v2\/pages\/1023\/revisions"}],"predecessor-version":[{"id":1101,"href":"https:\/\/modedcon.com\/en\/wp-json\/wp\/v2\/pages\/1023\/revisions\/1101"}],"up":[{"embeddable":true,"href":"https:\/\/modedcon.com\/en\/wp-json\/wp\/v2\/pages\/876"}],"wp:attachment":[{"href":"https:\/\/modedcon.com\/en\/wp-json\/wp\/v2\/media?parent=1023"}],"curies":[{"name":"wp","href":"https:\/\/api.w.org\/{rel}","templated":true}]}}