{"id":550,"date":"2024-09-03T12:06:04","date_gmt":"2024-09-03T10:06:04","guid":{"rendered":"https:\/\/modedcon.com\/?page_id=550"},"modified":"2025-08-18T20:21:04","modified_gmt":"2025-08-18T18:21:04","slug":"self-sql-error-logging-facility","status":"publish","type":"page","link":"https:\/\/modedcon.com\/en\/kurse\/self-sql-error-logging-facility\/","title":{"rendered":"SELF &#8211; SQL Error Logging Facility"},"content":{"rendered":"<div class=\"wp-block-columns alignwide is-layout-flex wp-container-core-columns-is-layout-28f84493 wp-block-columns-is-layout-flex\">\n<div class=\"wp-block-column is-layout-flow wp-block-column-is-layout-flow\" style=\"flex-basis:60%\">\n<p>Bei SELF handeltes sich um ein Tool, mit dem vorgegebene SQL Codes entweder auf Jobebene oder auf Systemebene protokolliert werden. Dies ist insbesondere dann interessant, wenn in RPG-Programmen die SQL Codes bzw. die SQL States nicht gepr\u00fcft werden.<\/p>\n\n\n\n<p>Die protokollierten Eintr\u00e4ge k\u00f6nnen dann mit SQL ausgewertet werden.<\/p>\n\n\n\n<p>F\u00fcr den Vortrag wird ca. 1 Stunde veranschlagt.<\/p>\n<\/div>\n\n\n\n<div class=\"wp-block-column is-layout-flow wp-block-column-is-layout-flow\" style=\"flex-basis:5%\"><\/div>\n\n\n\n<div class=\"wp-block-column is-layout-flow wp-block-column-is-layout-flow\" style=\"flex-basis:35%\">\n<div class=\"wp-block-group has-custom-bg-background-color has-background is-vertical is-layout-flex wp-container-core-group-is-layout-079504a7 wp-block-group-is-layout-flex\" style=\"padding-top:var(--wp--preset--spacing--10);padding-right:var(--wp--preset--spacing--10);padding-bottom:var(--wp--preset--spacing--10);padding-left:var(--wp--preset--spacing--10)\">\n<p class=\"hideonmobile\"><a href=\"https:\/\/modedcon.com\/en\/kurse\/\" data-type=\"page\" data-id=\"74\">zur\u00fcck zur \u00dcbersicht<\/a><\/p>\n\n\n\n<div class=\"wp-block-group is-vertical is-layout-flex wp-container-core-group-is-layout-fe9cc265 wp-block-group-is-layout-flex\">\n<h2 class=\"wp-block-heading has-large-font-size\">Dieser Kurs<\/h2>\n\n\n\n<p>Teilnehmer: 8<br>Dauer: 1 Stunde<\/p>\n\n\n\n<p class=\"has-custom-logo-red-color has-text-color has-link-color wp-elements-0769cf7e1cc07049e052ffe016fe898e\">Die Buchung ist nur f\u00fcr Unternehmer, Gewerbetreibende, Freiberufler und \u00f6ffentliche Institutionen m\u00f6glich; nicht f\u00fcr Verbraucher i.S.d. \u00a7 13 BGB.<\/p>\n\n\n\n<div class=\"wp-block-buttons is-layout-flex wp-block-buttons-is-layout-flex\">\n<div class=\"wp-block-button\"><a class=\"wp-block-button__link has-custom-logo-blue-background-color has-background wp-element-button\" href=\"https:\/\/modedcon.com\/en\/kontakt\/\">Unverbindliche Anfrage stellen<\/a><\/div>\n<\/div>\n<\/div>\n\n\n\n<div class=\"wp-block-group is-vertical is-layout-flex wp-container-core-group-is-layout-5f9f5280 wp-block-group-is-layout-flex\">\n<h2 class=\"wp-block-heading has-large-font-size\">Alle Kurse<\/h2>\n\n\n\n<h3 class=\"wp-block-heading\" style=\"margin-top:var(--wp--preset--spacing--20);margin-bottom:0.5rem;font-size:clamp(0.929rem, 0.929rem + ((1vw - 0.2rem) * 0.785), 1.4rem);\">RPG<\/h3>\n\n\n\n<ul class=\"wp-block-list is-style-default\">\n<li style=\"margin-top:6px;margin-bottom:6px\"><a href=\"https:\/\/modedcon.com\/en\/kurse\/rpg-intro\/\" data-type=\"page\" data-id=\"515\">RPG \u2013 Intro<\/a><\/li>\n\n\n\n<li style=\"margin-top:6px;margin-bottom:6px\"><a href=\"https:\/\/modedcon.com\/en\/kurse\/rpg-jump-start\/\" data-type=\"page\" data-id=\"521\">RPG \u2013 Jump-Start<\/a><\/li>\n\n\n\n<li style=\"margin-top:6px;margin-bottom:6px\"><a href=\"https:\/\/modedcon.com\/en\/kurse\/ile-konzepte\/\" data-type=\"page\" data-id=\"525\">ILE Konzepte<\/a><\/li>\n\n\n\n<li style=\"margin-top:6px;margin-bottom:6px\"><a href=\"https:\/\/modedcon.com\/en\/kurse\/embedded-sql\/\" data-type=\"page\" data-id=\"527\">Embedded SQL<\/a><\/li>\n<\/ul>\n\n\n\n<h3 class=\"wp-block-heading\" style=\"margin-top:var(--wp--preset--spacing--20);margin-bottom:0.5rem;font-size:clamp(0.929rem, 0.929rem + ((1vw - 0.2rem) * 0.785), 1.4rem);\">SQL<\/h3>\n\n\n\n<ul class=\"wp-block-list\">\n<li style=\"margin-top:6px;margin-bottom:6px\"><a href=\"https:\/\/modedcon.com\/en\/kurse\/sql-abfragen-fuer-beginner\/\" data-type=\"page\" data-id=\"529\">SQL Abfragen f\u00fcr Beginner<\/a><\/li>\n\n\n\n<li style=\"margin-top:6px;margin-bottom:6px\"><a href=\"https:\/\/modedcon.com\/en\/kurse\/sql-abfragen-fuer-profis\/\" data-type=\"page\" data-id=\"531\">SQL Abfragen f\u00fcr Profis<\/a><\/li>\n\n\n\n<li style=\"margin-top:6px;margin-bottom:6px\"><a href=\"https:\/\/modedcon.com\/en\/kurse\/erstellen-und-verarbeiten-von-json-und-xml-daten-mit-sql\/\" data-type=\"page\" data-id=\"533\">Erstellen und Verarbeiten von JSON- und XML-Daten mit SQL<\/a><\/li>\n\n\n\n<li style=\"margin-top:6px;margin-bottom:6px\"><a href=\"https:\/\/modedcon.com\/en\/kurse\/programmiersprache-sql\/\" data-type=\"page\" data-id=\"535\">Programmiersprache SQL<\/a><\/li>\n\n\n\n<li style=\"margin-top:6px;margin-bottom:6px\"><a href=\"https:\/\/modedcon.com\/en\/kurse\/sql-performance-analyse\/\" data-type=\"page\" data-id=\"538\">SQL-Performance Analyse<\/a><\/li>\n\n\n\n<li style=\"margin-top:6px;margin-bottom:6px\"><a href=\"https:\/\/modedcon.com\/en\/kurse\/data-centric-verlagerung-von-programmlogik-in-die-datenbank\/\" data-type=\"page\" data-id=\"540\">Data Centric Verlagerung von Programmlogik in die Datenbank<\/a><\/li>\n\n\n\n<li style=\"margin-top:6px;margin-bottom:6px\"><a href=\"https:\/\/modedcon.com\/en\/kurse\/anwendungsmodernisierung-datenbank\/\" data-type=\"page\" data-id=\"542\">Anwendungsmodernisierung Datenbank<\/a><\/li>\n<\/ul>\n\n\n\n<h3 class=\"wp-block-heading\" style=\"margin-top:var(--wp--preset--spacing--20);margin-bottom:0.5rem;font-size:clamp(0.929rem, 0.929rem + ((1vw - 0.2rem) * 0.785), 1.4rem);\">Spezielle Kurse und Vortr\u00e4ge<\/h3>\n\n\n\n<ul class=\"wp-block-list\">\n<li style=\"margin-top:6px;margin-bottom:6px\"><a href=\"https:\/\/modedcon.com\/en\/kurse\/temporale-tabellen\/\" data-type=\"page\" data-id=\"544\">Temporale Tabellen<\/a><\/li>\n\n\n\n<li style=\"margin-top:6px;margin-bottom:6px\"><a href=\"https:\/\/modedcon.com\/en\/kurse\/row-and-column-access-control-rcac\/\" data-type=\"page\" data-id=\"546\">ROW and Column Access Control (RCAC)<\/a><\/li>\n\n\n\n<li style=\"margin-top:6px;margin-bottom:6px\"><a href=\"https:\/\/modedcon.com\/en\/kurse\/partitioned-tables\/\" data-type=\"page\" data-id=\"548\">Partitioned Tables<\/a><\/li>\n\n\n\n<li style=\"margin-top:6px;margin-bottom:6px\"><a href=\"https:\/\/modedcon.com\/en\/kurse\/self-sql-error-logging-facility\/\" data-type=\"page\" data-id=\"550\">SELF \u2013 SQL Error Logging Facility<\/a><\/li>\n\n\n\n<li style=\"margin-top:6px;margin-bottom:6px\"><a href=\"https:\/\/modedcon.com\/en\/kurse\/sql-und-ifs\/\" data-type=\"page\" data-id=\"552\">SQL und IFS<\/a><\/li>\n<\/ul>\n<\/div>\n<\/div>\n<\/div>\n<\/div>","protected":false},"excerpt":{"rendered":"<p>Bei SELF handeltes sich um ein Tool, mit dem vorgegebene SQL Codes entweder auf Jobebene oder auf Systemebene protokolliert werden. Dies ist insbesondere dann interessant, wenn in RPG-Programmen die SQL Codes bzw. die SQL States nicht gepr\u00fcft werden. Die protokollierten Eintr\u00e4ge k\u00f6nnen dann mit SQL ausgewertet werden. F\u00fcr den Vortrag wird ca. 1 Stunde veranschlagt. [&hellip;]<\/p>","protected":false},"author":3,"featured_media":0,"parent":834,"menu_order":0,"comment_status":"closed","ping_status":"closed","template":"","meta":{"footnotes":""},"class_list":["post-550","page","type-page","status-publish","hentry"],"_links":{"self":[{"href":"https:\/\/modedcon.com\/en\/wp-json\/wp\/v2\/pages\/550","targetHints":{"allow":["GET"]}}],"collection":[{"href":"https:\/\/modedcon.com\/en\/wp-json\/wp\/v2\/pages"}],"about":[{"href":"https:\/\/modedcon.com\/en\/wp-json\/wp\/v2\/types\/page"}],"author":[{"embeddable":true,"href":"https:\/\/modedcon.com\/en\/wp-json\/wp\/v2\/users\/3"}],"replies":[{"embeddable":true,"href":"https:\/\/modedcon.com\/en\/wp-json\/wp\/v2\/comments?post=550"}],"version-history":[{"count":12,"href":"https:\/\/modedcon.com\/en\/wp-json\/wp\/v2\/pages\/550\/revisions"}],"predecessor-version":[{"id":998,"href":"https:\/\/modedcon.com\/en\/wp-json\/wp\/v2\/pages\/550\/revisions\/998"}],"up":[{"embeddable":true,"href":"https:\/\/modedcon.com\/en\/wp-json\/wp\/v2\/pages\/834"}],"wp:attachment":[{"href":"https:\/\/modedcon.com\/en\/wp-json\/wp\/v2\/media?parent=550"}],"curies":[{"name":"wp","href":"https:\/\/api.w.org\/{rel}","templated":true}]}}