{"id":834,"date":"2025-07-11T14:24:58","date_gmt":"2025-07-11T12:24:58","guid":{"rendered":"https:\/\/modedcon.com\/?page_id=834"},"modified":"2025-08-19T13:48:12","modified_gmt":"2025-08-19T11:48:12","slug":"kurse","status":"publish","type":"page","link":"https:\/\/modedcon.com\/en\/kurse\/","title":{"rendered":"Courses"},"content":{"rendered":"<div class=\"wp-block-group alignwide is-layout-flow wp-container-core-group-is-layout-3f23e88a wp-block-group-is-layout-flow\" style=\"margin-bottom:0;padding-top:0;padding-bottom:0\">\n<p class=\"has-text-align-left has-custom-logo-red-color has-text-color has-link-color wp-elements-410e7195373e9900e4824e680f1dabe5\" style=\"margin-bottom:var(--wp--preset--spacing--10)\">Buchungen sind nur f\u00fcr Unternehmer, Gewerbetreibende, Freiberufler und \u00f6ffentliche Institutionen m\u00f6glich; nicht f\u00fcr Verbraucher i.S.d. \u00a7 13 BGB.<\/p>\n\n\n\n<div class=\"wp-block-group has-custom-bg-background-color has-background is-vertical is-layout-flex wp-container-core-group-is-layout-184cc25d wp-block-group-is-layout-flex\" style=\"margin-top:0;margin-bottom:0;padding-top:16px;padding-right:16px;padding-bottom:16px;padding-left:16px\">\n<h2 class=\"wp-block-heading has-large-font-size\">RPG<\/h2>\n\n\n\n<ul style=\"padding-top:0;padding-bottom:0\" class=\"wp-block-list is-style-default\">\n<li style=\"margin-top:6px;margin-bottom:6px\"><a href=\"https:\/\/modedcon.com\/en\/rpg-intro\/\" data-type=\"page\" data-id=\"515\">RPG \u2013 Intro<\/a><\/li>\n\n\n\n<li style=\"margin-top:6px;margin-bottom:6px\"><a href=\"https:\/\/modedcon.com\/en\/rpg-jump-start\/\" data-type=\"page\" data-id=\"521\">RPG \u2013 Jump-Start<\/a><\/li>\n\n\n\n<li style=\"margin-top:6px;margin-bottom:6px\"><a href=\"https:\/\/modedcon.com\/en\/ile-konzepte\/\" data-type=\"page\" data-id=\"525\">ILE Konzepte<\/a><\/li>\n\n\n\n<li style=\"margin-top:6px;margin-bottom:6px\"><a href=\"https:\/\/modedcon.com\/en\/embedded-sql\/\" data-type=\"page\" data-id=\"527\">Embedded SQL<\/a><\/li>\n<\/ul>\n<\/div>\n\n\n\n<div class=\"wp-block-group has-custom-bg-background-color has-background is-vertical is-layout-flex wp-container-core-group-is-layout-5fea04d5 wp-block-group-is-layout-flex\" style=\"padding-top:16px;padding-right:16px;padding-bottom:16px;padding-left:16px\">\n<h2 class=\"wp-block-heading has-large-font-size\">SQL<\/h2>\n\n\n\n<ul class=\"wp-block-list\">\n<li style=\"padding-top:6px;padding-bottom:6px\"><a href=\"https:\/\/modedcon.com\/en\/sql-abfragen-fuer-beginner\/\" data-type=\"page\" data-id=\"529\">SQL Abfragen f\u00fcr Beginner<\/a><\/li>\n\n\n\n<li style=\"padding-top:6px;padding-bottom:6px\"><a href=\"https:\/\/modedcon.com\/en\/sql-abfragen-fuer-profis\/\" data-type=\"page\" data-id=\"531\">SQL Abfragen f\u00fcr Profis<\/a><\/li>\n\n\n\n<li style=\"padding-top:6px;padding-bottom:6px\"><a href=\"https:\/\/modedcon.com\/en\/erstellen-und-verarbeiten-von-json-und-xml-daten-mit-sql\/\" data-type=\"page\" data-id=\"533\">Erstellen und Verarbeiten von JSON- und XML-Daten mit SQL<\/a><\/li>\n\n\n\n<li style=\"padding-top:6px;padding-bottom:6px\"><a href=\"https:\/\/modedcon.com\/en\/programmiersprache-sql\/\" data-type=\"page\" data-id=\"535\">Programmiersprache SQL<\/a><\/li>\n\n\n\n<li style=\"padding-top:6px;padding-bottom:6px\"><a href=\"https:\/\/modedcon.com\/en\/sql-performance-analyse\/\" data-type=\"page\" data-id=\"538\">SQL-Performance Analyse<\/a><\/li>\n\n\n\n<li style=\"padding-top:6px;padding-bottom:6px\"><a href=\"https:\/\/modedcon.com\/en\/data-centric-verlagerung-von-programmlogik-in-die-datenbank\/\" data-type=\"page\" data-id=\"540\">Data Centric Verlagerung von Programmlogik in die Datenbank<\/a><\/li>\n\n\n\n<li style=\"padding-top:6px;padding-bottom:6px\"><a href=\"https:\/\/modedcon.com\/en\/anwendungsmodernisierung-datenbank\/\" data-type=\"page\" data-id=\"542\">Anwendungsmodernisierung Datenbank<\/a><\/li>\n<\/ul>\n<\/div>\n\n\n\n<div class=\"wp-block-group has-custom-bg-background-color has-background is-vertical is-layout-flex wp-container-core-group-is-layout-5fea04d5 wp-block-group-is-layout-flex\" style=\"padding-top:16px;padding-right:16px;padding-bottom:16px;padding-left:16px\">\n<h2 class=\"wp-block-heading has-large-font-size\">Spezielle Kurse und Vortr\u00e4ge<\/h2>\n\n\n\n<ul class=\"wp-block-list\">\n<li style=\"padding-top:6px;padding-bottom:6px\"><a href=\"https:\/\/modedcon.com\/en\/temporale-tabellen\/\" data-type=\"page\" data-id=\"544\">Temporale Tabellen<\/a><\/li>\n\n\n\n<li style=\"padding-top:6px;padding-bottom:6px\"><a href=\"https:\/\/modedcon.com\/en\/row-and-column-access-control-rcac\/\" data-type=\"page\" data-id=\"546\">ROW and Column Access Control (RCAC)<\/a><\/li>\n\n\n\n<li style=\"padding-top:6px;padding-bottom:6px\"><a href=\"https:\/\/modedcon.com\/en\/partitioned-tables\/\" data-type=\"page\" data-id=\"548\">Partitioned Tables<\/a><\/li>\n\n\n\n<li style=\"padding-top:6px;padding-bottom:6px\"><a href=\"https:\/\/modedcon.com\/en\/self-sql-error-logging-facility\/\" data-type=\"page\" data-id=\"550\">SELF \u2013 SQL Error Logging Facility<\/a><\/li>\n\n\n\n<li style=\"padding-top:6px;padding-bottom:6px\"><a href=\"https:\/\/modedcon.com\/en\/sql-und-ifs\/\" data-type=\"page\" data-id=\"552\">SQL und IFS<\/a><\/li>\n<\/ul>\n<\/div>\n<\/div>","protected":false},"excerpt":{"rendered":"<p>Buchungen sind nur f\u00fcr Unternehmer, Gewerbetreibende, Freiberufler und \u00f6ffentliche Institutionen m\u00f6glich; nicht f\u00fcr Verbraucher i.S.d. \u00a7 13 BGB. RPG SQL Spezielle Kurse und Vortr\u00e4ge<\/p>","protected":false},"author":1,"featured_media":0,"parent":0,"menu_order":0,"comment_status":"closed","ping_status":"closed","template":"","meta":{"footnotes":""},"class_list":["post-834","page","type-page","status-publish","hentry"],"_links":{"self":[{"href":"https:\/\/modedcon.com\/en\/wp-json\/wp\/v2\/pages\/834","targetHints":{"allow":["GET"]}}],"collection":[{"href":"https:\/\/modedcon.com\/en\/wp-json\/wp\/v2\/pages"}],"about":[{"href":"https:\/\/modedcon.com\/en\/wp-json\/wp\/v2\/types\/page"}],"author":[{"embeddable":true,"href":"https:\/\/modedcon.com\/en\/wp-json\/wp\/v2\/users\/1"}],"replies":[{"embeddable":true,"href":"https:\/\/modedcon.com\/en\/wp-json\/wp\/v2\/comments?post=834"}],"version-history":[{"count":10,"href":"https:\/\/modedcon.com\/en\/wp-json\/wp\/v2\/pages\/834\/revisions"}],"predecessor-version":[{"id":1045,"href":"https:\/\/modedcon.com\/en\/wp-json\/wp\/v2\/pages\/834\/revisions\/1045"}],"wp:attachment":[{"href":"https:\/\/modedcon.com\/en\/wp-json\/wp\/v2\/media?parent=834"}],"curies":[{"name":"wp","href":"https:\/\/api.w.org\/{rel}","templated":true}]}}