{"id":898,"date":"2025-07-21T14:56:16","date_gmt":"2025-07-21T12:56:16","guid":{"rendered":"https:\/\/modedcon.com\/?page_id=898"},"modified":"2025-08-21T09:36:35","modified_gmt":"2025-08-21T07:36:35","slug":"ueber-mich","status":"publish","type":"page","link":"https:\/\/modedcon.com\/en\/ueber-mich\/","title":{"rendered":"\u00dcber mich"},"content":{"rendered":"<div class=\"wp-block-group alignfull has-contrast-color has-base-background-color has-text-color has-background has-link-color wp-elements-9c573cfdfcf0d17186820635503754f4 has-global-padding is-content-justification-center is-layout-constrained wp-container-core-group-is-layout-214b240d wp-block-group-is-layout-constrained\" style=\"margin-top:0;margin-bottom:0;padding-top:0;padding-right:var(--wp--preset--spacing--50);padding-bottom:0;padding-left:var(--wp--preset--spacing--50)\">\n<div class=\"wp-block-columns alignwide is-layout-flex wp-container-core-columns-is-layout-28f84493 wp-block-columns-is-layout-flex\">\n<div class=\"wp-block-column is-layout-flow wp-block-column-is-layout-flow\" style=\"flex-basis:33.33%\">\n<figure class=\"wp-block-image size-large\"><img loading=\"lazy\" decoding=\"async\" width=\"770\" height=\"1024\" src=\"https:\/\/modedcon.com\/wp-content\/uploads\/2023\/11\/birgitta_hauser_web-770x1024.jpg\" alt=\"\" class=\"wp-image-828\" srcset=\"https:\/\/modedcon.com\/wp-content\/uploads\/2023\/11\/birgitta_hauser_web-770x1024.jpg 770w, https:\/\/modedcon.com\/wp-content\/uploads\/2023\/11\/birgitta_hauser_web-226x300.jpg 226w, https:\/\/modedcon.com\/wp-content\/uploads\/2023\/11\/birgitta_hauser_web-768x1022.jpg 768w, https:\/\/modedcon.com\/wp-content\/uploads\/2023\/11\/birgitta_hauser_web.jpg 902w\" sizes=\"auto, (max-width: 770px) 100vw, 770px\" \/><\/figure>\n<\/div>\n\n\n\n<div class=\"wp-block-column is-layout-flow wp-block-column-is-layout-flow\" style=\"padding-left:var(--wp--preset--spacing--20);flex-basis:66.66%\">\n<div class=\"wp-block-group has-global-padding is-layout-constrained wp-container-core-group-is-layout-6141fbbf wp-block-group-is-layout-constrained\">\n<p>Birgitta Hauser arbeitet seit 1992 auf der AS\/400 und deren Nachfolger. Sie arbeitete sowohl in der Programmierung als RPG-Programmierer aber auch als Datenbanken- and Software-Architekt mit dem Schwerpunkt der Anwendungsmodernisierung von klassischen IBM i-Anwendungen.<\/p>\n\n\n\n<p>Seit Juli 2019 ist sie selbst\u00e4ndig und im Bereich SQL-Performance Optimierung, Anwendungs- und Datenbanken-Modernisierung auf der IBM i bzw. Db2 for i t\u00e4tig.<\/p>\n\n\n\n<p>Daneben h\u00e4lt sie weltweit (kundenindividuelle) Schulungen und Workshops f\u00fcr SQL- und RPG-Programmierer. Alle Schulungen und Workshops k\u00f6nnen sowohl in Deutsch aus auch Englisch gehalten werden.<\/p>\n\n\n\n<p>Seit 2002 referiert sie regelm\u00e4\u00dfig bei COMMON User Groups und IBM i-Veranstaltungen in Deutschland, anderen europ\u00e4ischen L\u00e4ndern, sowie in den USA und Canada.<\/p>\n\n\n\n<p>Des Weiteren ist sie Co-Autorin von zwei IBM Redbooks. Sie schreibt regelm\u00e4\u00dfig zum Fachartikel zu den Themen SQL, Datenbank und RPG f\u00fcr IBM Develperworks, IT-Jungle, sowie den ITP-Verlag (TechKnowLetter) in Deutschland.<\/p>\n\n\n\n<p>2015 hat sie den John Earl Speaker Scholarship Award und 2018 hat sie den Al Barsa Memorial Scholarship Award erhalten.<\/p>\n\n\n\n<p>Seit 2020 ist sie au\u00dferdem IBM Champion.<\/p>\n<\/div>\n<\/div>\n<\/div>\n<\/div>","protected":false},"excerpt":{"rendered":"<p>Birgitta Hauser arbeitet seit 1992 auf der AS\/400 und deren Nachfolger. Sie arbeitete sowohl in der Programmierung als RPG-Programmierer aber auch als Datenbanken- and Software-Architekt mit dem Schwerpunkt der Anwendungsmodernisierung von klassischen IBM i-Anwendungen. Seit Juli 2019 ist sie selbst\u00e4ndig und im Bereich SQL-Performance Optimierung, Anwendungs- und Datenbanken-Modernisierung auf der IBM i bzw. Db2 for [&hellip;]<\/p>","protected":false},"author":1,"featured_media":0,"parent":0,"menu_order":0,"comment_status":"closed","ping_status":"closed","template":"","meta":{"footnotes":""},"class_list":["post-898","page","type-page","status-publish","hentry"],"_links":{"self":[{"href":"https:\/\/modedcon.com\/en\/wp-json\/wp\/v2\/pages\/898","targetHints":{"allow":["GET"]}}],"collection":[{"href":"https:\/\/modedcon.com\/en\/wp-json\/wp\/v2\/pages"}],"about":[{"href":"https:\/\/modedcon.com\/en\/wp-json\/wp\/v2\/types\/page"}],"author":[{"embeddable":true,"href":"https:\/\/modedcon.com\/en\/wp-json\/wp\/v2\/users\/1"}],"replies":[{"embeddable":true,"href":"https:\/\/modedcon.com\/en\/wp-json\/wp\/v2\/comments?post=898"}],"version-history":[{"count":5,"href":"https:\/\/modedcon.com\/en\/wp-json\/wp\/v2\/pages\/898\/revisions"}],"predecessor-version":[{"id":1085,"href":"https:\/\/modedcon.com\/en\/wp-json\/wp\/v2\/pages\/898\/revisions\/1085"}],"wp:attachment":[{"href":"https:\/\/modedcon.com\/en\/wp-json\/wp\/v2\/media?parent=898"}],"curies":[{"name":"wp","href":"https:\/\/api.w.org\/{rel}","templated":true}]}}